{"id":6897,"date":"2022-11-16T18:07:09","date_gmt":"2022-11-16T18:07:09","guid":{"rendered":"https:\/\/bottegagiotti.com\/product\/altea-wave-line\/"},"modified":"2024-03-09T06:55:50","modified_gmt":"2024-03-09T06:55:50","slug":"altea-wave-line-2","status":"publish","type":"product","link":"https:\/\/www.bottegagiotti.com\/it\/product\/altea-wave-line-2\/","title":{"rendered":"VALERIA WAVE LINE"},"content":{"rendered":"","protected":false},"excerpt":{"rendered":"<p><em>Costo della spedizione e iva inclusi nel prezzo<\/em><\/p>\n<hr>\n<div>Altea Wave Lane \u00e8 una elegante clutch con chiusura magnetica realizzata in nappa Feather Light\u00a9 nella nostra lavorazione carr\u00e8. Altea presenta due comparti zip ed \u00e8 impreziosita con un motivo ricamato a mano lungo i bordi. Raffinata e versatile \u00e8 corredata da una tracolla metallica oro per portare la borsa comodamente cross body.<\/div>\n","protected":false},"featured_media":7932,"template":"","meta":{"_acf_changed":false},"product_brand":[],"product_cat":[428,376,443,431,373,374,441,326,427,370,445,378,433,429],"product_tag":[],"class_list":{"0":"post-6897","1":"product","2":"type-product","3":"status-publish","4":"has-post-thumbnail","6":"product_cat-borse-donna","7":"product_cat-borse-a-mano-wave","8":"product_cat-borse-a-tracolla-sera-donna","9":"product_cat-borse-a-tracolla-all-donna","10":"product_cat-borse-a-tracolla-wave","11":"product_cat-borse-da-sera-wave","12":"product_cat-borse-da-sera-donna","13":"product_cat-collezioni","14":"product_cat-donna","15":"product_cat-onda","16":"product_cat-pochette-sera-donna","17":"product_cat-pochette-wave","18":"product_cat-pochette-all-donna","19":"product_cat-tutte-le-borse-donna","20":"pa_color-cipria","21":"pa_color-nero","22":"pa_color-rosso","23":"pa_pattern-onda","25":"first","26":"instock","27":"shipping-taxable","28":"purchasable","29":"product-type-variable","30":"has-default-attributes"},"acf":[],"yoast_head":"<!-- This site is optimized with the Yoast SEO plugin v27.4 - https:\/\/yoast.com\/product\/yoast-seo-wordpress\/ -->\n<title>VALERIA WAVE LINE - Bottega Giotti<\/title>\n<meta name=\"robots\" content=\"index, follow, max-snippet:-1, max-image-preview:large, max-video-preview:-1\" \/>\n<link rel=\"canonical\" href=\"https:\/\/www.bottegagiotti.com\/product\/valeria-wave-line\/\" \/>\n<meta property=\"og:locale\" content=\"it_IT\" \/>\n<meta property=\"og:type\" content=\"article\" \/>\n<meta property=\"og:title\" content=\"VALERIA WAVE LINE - Bottega Giotti\" \/>\n<meta property=\"og:description\" content=\"Costo della spedizione e iva inclusi nel prezzo  Altea Wave Lane \u00e8 una elegante clutch con chiusura magnetica realizzata in nappa Feather Light\u00a9 nella nostra lavorazione carr\u00e8. Altea presenta due comparti zip ed \u00e8 impreziosita con un motivo ricamato a mano lungo i bordi. Raffinata e versatile \u00e8 corredata da una tracolla metallica oro per portare la borsa comodamente cross body.\" \/>\n<meta property=\"og:url\" content=\"https:\/\/www.bottegagiotti.com\/product\/valeria-wave-line\/\" \/>\n<meta property=\"og:site_name\" content=\"Bottega Giotti\" \/>\n<meta property=\"article:publisher\" content=\"https:\/\/www.facebook.com\/BottegaGiotti\" \/>\n<meta property=\"article:modified_time\" content=\"2024-03-09T06:55:50+00:00\" \/>\n<meta property=\"og:image\" content=\"https:\/\/www.bottegagiotti.com\/wp-content\/uploads\/2022\/11\/Valeria_WL_01_rosso.jpg\" \/>\n\t<meta property=\"og:image:width\" content=\"2400\" \/>\n\t<meta property=\"og:image:height\" content=\"2400\" \/>\n\t<meta property=\"og:image:type\" content=\"image\/jpeg\" \/>\n<meta name=\"twitter:card\" content=\"summary_large_image\" \/>\n<script type=\"application\/ld+json\" class=\"yoast-schema-graph\">{\"@context\":\"https:\\\/\\\/schema.org\",\"@graph\":[{\"@type\":\"WebPage\",\"@id\":\"https:\\\/\\\/www.bottegagiotti.com\\\/product\\\/valeria-wave-line\\\/\",\"url\":\"https:\\\/\\\/www.bottegagiotti.com\\\/product\\\/valeria-wave-line\\\/\",\"name\":\"VALERIA WAVE LINE - Bottega Giotti\",\"isPartOf\":{\"@id\":\"https:\\\/\\\/www.bottegagiotti.com\\\/it\\\/#website\"},\"primaryImageOfPage\":{\"@id\":\"https:\\\/\\\/www.bottegagiotti.com\\\/product\\\/valeria-wave-line\\\/#primaryimage\"},\"image\":{\"@id\":\"https:\\\/\\\/www.bottegagiotti.com\\\/product\\\/valeria-wave-line\\\/#primaryimage\"},\"thumbnailUrl\":\"https:\\\/\\\/www.bottegagiotti.com\\\/wp-content\\\/uploads\\\/2022\\\/11\\\/Valeria_WL_01_rosso.jpg\",\"datePublished\":\"2022-11-16T18:07:09+00:00\",\"dateModified\":\"2024-03-09T06:55:50+00:00\",\"breadcrumb\":{\"@id\":\"https:\\\/\\\/www.bottegagiotti.com\\\/product\\\/valeria-wave-line\\\/#breadcrumb\"},\"inLanguage\":\"it-IT\",\"potentialAction\":[{\"@type\":\"ReadAction\",\"target\":[\"https:\\\/\\\/www.bottegagiotti.com\\\/product\\\/valeria-wave-line\\\/\"]}]},{\"@type\":\"ImageObject\",\"inLanguage\":\"it-IT\",\"@id\":\"https:\\\/\\\/www.bottegagiotti.com\\\/product\\\/valeria-wave-line\\\/#primaryimage\",\"url\":\"https:\\\/\\\/www.bottegagiotti.com\\\/wp-content\\\/uploads\\\/2022\\\/11\\\/Valeria_WL_01_rosso.jpg\",\"contentUrl\":\"https:\\\/\\\/www.bottegagiotti.com\\\/wp-content\\\/uploads\\\/2022\\\/11\\\/Valeria_WL_01_rosso.jpg\",\"width\":2400,\"height\":2400},{\"@type\":\"BreadcrumbList\",\"@id\":\"https:\\\/\\\/www.bottegagiotti.com\\\/product\\\/valeria-wave-line\\\/#breadcrumb\",\"itemListElement\":[{\"@type\":\"ListItem\",\"position\":1,\"name\":\"Home\",\"item\":\"https:\\\/\\\/www.bottegagiotti.com\\\/\"},{\"@type\":\"ListItem\",\"position\":2,\"name\":\"Negozio\",\"item\":\"https:\\\/\\\/www.bottegagiotti.com\\\/shop\\\/\"},{\"@type\":\"ListItem\",\"position\":3,\"name\":\"VALERIA WAVE LINE\"}]},{\"@type\":\"WebSite\",\"@id\":\"https:\\\/\\\/www.bottegagiotti.com\\\/it\\\/#website\",\"url\":\"https:\\\/\\\/www.bottegagiotti.com\\\/it\\\/\",\"name\":\"Bottega Giotti\",\"description\":\"Since 1950\",\"publisher\":{\"@id\":\"https:\\\/\\\/www.bottegagiotti.com\\\/it\\\/#organization\"},\"potentialAction\":[{\"@type\":\"SearchAction\",\"target\":{\"@type\":\"EntryPoint\",\"urlTemplate\":\"https:\\\/\\\/www.bottegagiotti.com\\\/it\\\/?s={search_term_string}\"},\"query-input\":{\"@type\":\"PropertyValueSpecification\",\"valueRequired\":true,\"valueName\":\"search_term_string\"}}],\"inLanguage\":\"it-IT\"},{\"@type\":\"Organization\",\"@id\":\"https:\\\/\\\/www.bottegagiotti.com\\\/it\\\/#organization\",\"name\":\"Bottega Giotti\",\"url\":\"https:\\\/\\\/www.bottegagiotti.com\\\/it\\\/\",\"logo\":{\"@type\":\"ImageObject\",\"inLanguage\":\"it-IT\",\"@id\":\"https:\\\/\\\/www.bottegagiotti.com\\\/it\\\/#\\\/schema\\\/logo\\\/image\\\/\",\"url\":\"https:\\\/\\\/www.bottegagiotti.com\\\/wp-content\\\/uploads\\\/2022\\\/04\\\/bottega-giotti-logo.png\",\"contentUrl\":\"https:\\\/\\\/www.bottegagiotti.com\\\/wp-content\\\/uploads\\\/2022\\\/04\\\/bottega-giotti-logo.png\",\"width\":465,\"height\":255,\"caption\":\"Bottega Giotti\"},\"image\":{\"@id\":\"https:\\\/\\\/www.bottegagiotti.com\\\/it\\\/#\\\/schema\\\/logo\\\/image\\\/\"},\"sameAs\":[\"https:\\\/\\\/www.facebook.com\\\/BottegaGiotti\",\"https:\\\/\\\/www.instagram.com\\\/bottegagiotti\\\/\",\"https:\\\/\\\/www.pinterest.it\\\/BottegaGiotti\\\/\"]}]}<\/script>\n<!-- \/ Yoast SEO plugin. -->","yoast_head_json":{"title":"VALERIA WAVE LINE - Bottega Giotti","robots":{"index":"index","follow":"follow","max-snippet":"max-snippet:-1","max-image-preview":"max-image-preview:large","max-video-preview":"max-video-preview:-1"},"canonical":"https:\/\/www.bottegagiotti.com\/product\/valeria-wave-line\/","og_locale":"it_IT","og_type":"article","og_title":"VALERIA WAVE LINE - Bottega Giotti","og_description":"Costo della spedizione e iva inclusi nel prezzo  Altea Wave Lane \u00e8 una elegante clutch con chiusura magnetica realizzata in nappa Feather Light\u00a9 nella nostra lavorazione carr\u00e8. Altea presenta due comparti zip ed \u00e8 impreziosita con un motivo ricamato a mano lungo i bordi. Raffinata e versatile \u00e8 corredata da una tracolla metallica oro per portare la borsa comodamente cross body.","og_url":"https:\/\/www.bottegagiotti.com\/product\/valeria-wave-line\/","og_site_name":"Bottega Giotti","article_publisher":"https:\/\/www.facebook.com\/BottegaGiotti","article_modified_time":"2024-03-09T06:55:50+00:00","og_image":[{"width":2400,"height":2400,"url":"https:\/\/www.bottegagiotti.com\/wp-content\/uploads\/2022\/11\/Valeria_WL_01_rosso.jpg","type":"image\/jpeg"}],"twitter_card":"summary_large_image","schema":{"@context":"https:\/\/schema.org","@graph":[{"@type":"WebPage","@id":"https:\/\/www.bottegagiotti.com\/product\/valeria-wave-line\/","url":"https:\/\/www.bottegagiotti.com\/product\/valeria-wave-line\/","name":"VALERIA WAVE LINE - Bottega Giotti","isPartOf":{"@id":"https:\/\/www.bottegagiotti.com\/it\/#website"},"primaryImageOfPage":{"@id":"https:\/\/www.bottegagiotti.com\/product\/valeria-wave-line\/#primaryimage"},"image":{"@id":"https:\/\/www.bottegagiotti.com\/product\/valeria-wave-line\/#primaryimage"},"thumbnailUrl":"https:\/\/www.bottegagiotti.com\/wp-content\/uploads\/2022\/11\/Valeria_WL_01_rosso.jpg","datePublished":"2022-11-16T18:07:09+00:00","dateModified":"2024-03-09T06:55:50+00:00","breadcrumb":{"@id":"https:\/\/www.bottegagiotti.com\/product\/valeria-wave-line\/#breadcrumb"},"inLanguage":"it-IT","potentialAction":[{"@type":"ReadAction","target":["https:\/\/www.bottegagiotti.com\/product\/valeria-wave-line\/"]}]},{"@type":"ImageObject","inLanguage":"it-IT","@id":"https:\/\/www.bottegagiotti.com\/product\/valeria-wave-line\/#primaryimage","url":"https:\/\/www.bottegagiotti.com\/wp-content\/uploads\/2022\/11\/Valeria_WL_01_rosso.jpg","contentUrl":"https:\/\/www.bottegagiotti.com\/wp-content\/uploads\/2022\/11\/Valeria_WL_01_rosso.jpg","width":2400,"height":2400},{"@type":"BreadcrumbList","@id":"https:\/\/www.bottegagiotti.com\/product\/valeria-wave-line\/#breadcrumb","itemListElement":[{"@type":"ListItem","position":1,"name":"Home","item":"https:\/\/www.bottegagiotti.com\/"},{"@type":"ListItem","position":2,"name":"Negozio","item":"https:\/\/www.bottegagiotti.com\/shop\/"},{"@type":"ListItem","position":3,"name":"VALERIA WAVE LINE"}]},{"@type":"WebSite","@id":"https:\/\/www.bottegagiotti.com\/it\/#website","url":"https:\/\/www.bottegagiotti.com\/it\/","name":"Bottega Giotti","description":"Since 1950","publisher":{"@id":"https:\/\/www.bottegagiotti.com\/it\/#organization"},"potentialAction":[{"@type":"SearchAction","target":{"@type":"EntryPoint","urlTemplate":"https:\/\/www.bottegagiotti.com\/it\/?s={search_term_string}"},"query-input":{"@type":"PropertyValueSpecification","valueRequired":true,"valueName":"search_term_string"}}],"inLanguage":"it-IT"},{"@type":"Organization","@id":"https:\/\/www.bottegagiotti.com\/it\/#organization","name":"Bottega Giotti","url":"https:\/\/www.bottegagiotti.com\/it\/","logo":{"@type":"ImageObject","inLanguage":"it-IT","@id":"https:\/\/www.bottegagiotti.com\/it\/#\/schema\/logo\/image\/","url":"https:\/\/www.bottegagiotti.com\/wp-content\/uploads\/2022\/04\/bottega-giotti-logo.png","contentUrl":"https:\/\/www.bottegagiotti.com\/wp-content\/uploads\/2022\/04\/bottega-giotti-logo.png","width":465,"height":255,"caption":"Bottega Giotti"},"image":{"@id":"https:\/\/www.bottegagiotti.com\/it\/#\/schema\/logo\/image\/"},"sameAs":["https:\/\/www.facebook.com\/BottegaGiotti","https:\/\/www.instagram.com\/bottegagiotti\/","https:\/\/www.pinterest.it\/BottegaGiotti\/"]}]}},"_links":{"self":[{"href":"https:\/\/www.bottegagiotti.com\/it\/wp-json\/wp\/v2\/product\/6897","targetHints":{"allow":["GET"]}}],"collection":[{"href":"https:\/\/www.bottegagiotti.com\/it\/wp-json\/wp\/v2\/product"}],"about":[{"href":"https:\/\/www.bottegagiotti.com\/it\/wp-json\/wp\/v2\/types\/product"}],"wp:featuredmedia":[{"embeddable":true,"href":"https:\/\/www.bottegagiotti.com\/it\/wp-json\/wp\/v2\/media\/7932"}],"wp:attachment":[{"href":"https:\/\/www.bottegagiotti.com\/it\/wp-json\/wp\/v2\/media?parent=6897"}],"wp:term":[{"taxonomy":"product_brand","embeddable":true,"href":"https:\/\/www.bottegagiotti.com\/it\/wp-json\/wp\/v2\/product_brand?post=6897"},{"taxonomy":"product_cat","embeddable":true,"href":"https:\/\/www.bottegagiotti.com\/it\/wp-json\/wp\/v2\/product_cat?post=6897"},{"taxonomy":"product_tag","embeddable":true,"href":"https:\/\/www.bottegagiotti.com\/it\/wp-json\/wp\/v2\/product_tag?post=6897"}],"curies":[{"name":"wp","href":"https:\/\/api.w.org\/{rel}","templated":true}]}}