{"id":5303,"date":"2022-08-17T14:27:58","date_gmt":"2022-08-17T14:27:58","guid":{"rendered":"https:\/\/bottegagiotti.com\/product\/wave-giada\/"},"modified":"2024-03-09T06:59:58","modified_gmt":"2024-03-09T06:59:58","slug":"wave-giada","status":"publish","type":"product","link":"https:\/\/www.bottegagiotti.com\/it\/product\/wave-giada\/","title":{"rendered":"GIADA WAVE LINE"},"content":{"rendered":"","protected":false},"excerpt":{"rendered":"<p><em>Costo della spedizione e iva inclusi nel prezzo<\/em><\/p>\n<hr>\n<p>Wave Siria \u00e8 un&#8217;elegante borsa in nappa Feather Light \u00a9 che presenta sia il nostro motivo carr\u00e8 che l&#8217;intrecciato. Ha una chiusura magnetica e l&#8217;interno, completamente foderato in pelle, \u00e8 composto da due scomparti principali<span class=\"Apple-converted-space\"> divisi da una tasca centrale con zip.<\/span> Versatile e senza tempo, \u00e8 dotata di una tracolla staccabile per indossarla comodamente a tracolla.<\/p>\n","protected":false},"featured_media":7988,"template":"","meta":{"_acf_changed":false},"product_brand":[],"product_cat":[428,450,376,432,465,449,373,431,464,447,326,427,462,370,429],"product_tag":[],"class_list":{"0":"post-5303","1":"product","2":"type-product","3":"status-publish","4":"has-post-thumbnail","6":"product_cat-borse-donna","7":"product_cat-borse-a-mano-giorno-donna","8":"product_cat-borse-a-mano-wave","9":"product_cat-borse-a-mano-all-donna","10":"product_cat-borse-a-mano-news-donna","11":"product_cat-borse-a-tracolla-giorno-donna","12":"product_cat-borse-a-tracolla-wave","13":"product_cat-borse-a-tracolla-all-donna","14":"product_cat-borse-a-tracolla-news-donna","15":"product_cat-borse-per-tutti-i-giorni-donna","16":"product_cat-collezioni","17":"product_cat-donna","18":"product_cat-nuovi-arrivi-donna","19":"product_cat-onda","20":"product_cat-tutte-le-borse-donna","21":"pa_color-bianco","22":"pa_color-bronzo","23":"pa_color-cipria","24":"pa_color-nero","25":"pa_pattern-onda","27":"first","28":"instock","29":"shipping-taxable","30":"purchasable","31":"product-type-variable"},"acf":[],"yoast_head":"<!-- This site is optimized with the Yoast SEO plugin v27.4 - https:\/\/yoast.com\/product\/yoast-seo-wordpress\/ -->\n<title>GIADA WAVE LINE - Bottega Giotti<\/title>\n<meta name=\"robots\" content=\"index, follow, max-snippet:-1, max-image-preview:large, max-video-preview:-1\" \/>\n<link rel=\"canonical\" href=\"https:\/\/www.bottegagiotti.com\/product\/wave-giada\/\" \/>\n<meta property=\"og:locale\" content=\"it_IT\" \/>\n<meta property=\"og:type\" content=\"article\" \/>\n<meta property=\"og:title\" content=\"GIADA WAVE LINE - Bottega Giotti\" \/>\n<meta property=\"og:description\" content=\"Costo della spedizione e iva inclusi nel prezzo  Wave Siria \u00e8 un&#039;elegante borsa in nappa Feather Light \u00a9 che presenta sia il nostro motivo carr\u00e8 che l&#039;intrecciato. Ha una chiusura magnetica e l&#039;interno, completamente foderato in pelle, \u00e8 composto da due scomparti principali divisi da una tasca centrale con zip. Versatile e senza tempo, \u00e8 dotata di una tracolla staccabile per indossarla comodamente a tracolla.\" \/>\n<meta property=\"og:url\" content=\"https:\/\/www.bottegagiotti.com\/product\/wave-giada\/\" \/>\n<meta property=\"og:site_name\" content=\"Bottega Giotti\" \/>\n<meta property=\"article:publisher\" content=\"https:\/\/www.facebook.com\/BottegaGiotti\" \/>\n<meta property=\"article:modified_time\" content=\"2024-03-09T06:59:58+00:00\" \/>\n<meta property=\"og:image\" content=\"https:\/\/www.bottegagiotti.com\/wp-content\/uploads\/2024\/03\/Giada_01_Rosso.jpg\" \/>\n\t<meta property=\"og:image:width\" content=\"2400\" \/>\n\t<meta property=\"og:image:height\" content=\"2400\" \/>\n\t<meta property=\"og:image:type\" content=\"image\/jpeg\" \/>\n<meta name=\"twitter:card\" content=\"summary_large_image\" \/>\n<script type=\"application\/ld+json\" class=\"yoast-schema-graph\">{\"@context\":\"https:\\\/\\\/schema.org\",\"@graph\":[{\"@type\":\"WebPage\",\"@id\":\"https:\\\/\\\/www.bottegagiotti.com\\\/product\\\/wave-giada\\\/\",\"url\":\"https:\\\/\\\/www.bottegagiotti.com\\\/product\\\/wave-giada\\\/\",\"name\":\"GIADA WAVE LINE - Bottega Giotti\",\"isPartOf\":{\"@id\":\"https:\\\/\\\/www.bottegagiotti.com\\\/it\\\/#website\"},\"primaryImageOfPage\":{\"@id\":\"https:\\\/\\\/www.bottegagiotti.com\\\/product\\\/wave-giada\\\/#primaryimage\"},\"image\":{\"@id\":\"https:\\\/\\\/www.bottegagiotti.com\\\/product\\\/wave-giada\\\/#primaryimage\"},\"thumbnailUrl\":\"https:\\\/\\\/www.bottegagiotti.com\\\/wp-content\\\/uploads\\\/2022\\\/08\\\/Giada_01_Skin-1.jpg\",\"datePublished\":\"2022-08-17T14:27:58+00:00\",\"dateModified\":\"2024-03-09T06:59:58+00:00\",\"breadcrumb\":{\"@id\":\"https:\\\/\\\/www.bottegagiotti.com\\\/product\\\/wave-giada\\\/#breadcrumb\"},\"inLanguage\":\"it-IT\",\"potentialAction\":[{\"@type\":\"ReadAction\",\"target\":[\"https:\\\/\\\/www.bottegagiotti.com\\\/product\\\/wave-giada\\\/\"]}]},{\"@type\":\"ImageObject\",\"inLanguage\":\"it-IT\",\"@id\":\"https:\\\/\\\/www.bottegagiotti.com\\\/product\\\/wave-giada\\\/#primaryimage\",\"url\":\"https:\\\/\\\/www.bottegagiotti.com\\\/wp-content\\\/uploads\\\/2022\\\/08\\\/Giada_01_Skin-1.jpg\",\"contentUrl\":\"https:\\\/\\\/www.bottegagiotti.com\\\/wp-content\\\/uploads\\\/2022\\\/08\\\/Giada_01_Skin-1.jpg\",\"width\":2400,\"height\":2400},{\"@type\":\"BreadcrumbList\",\"@id\":\"https:\\\/\\\/www.bottegagiotti.com\\\/product\\\/wave-giada\\\/#breadcrumb\",\"itemListElement\":[{\"@type\":\"ListItem\",\"position\":1,\"name\":\"Home\",\"item\":\"https:\\\/\\\/www.bottegagiotti.com\\\/\"},{\"@type\":\"ListItem\",\"position\":2,\"name\":\"Negozio\",\"item\":\"https:\\\/\\\/www.bottegagiotti.com\\\/shop\\\/\"},{\"@type\":\"ListItem\",\"position\":3,\"name\":\"GIADA WAVE LINE\"}]},{\"@type\":\"WebSite\",\"@id\":\"https:\\\/\\\/www.bottegagiotti.com\\\/it\\\/#website\",\"url\":\"https:\\\/\\\/www.bottegagiotti.com\\\/it\\\/\",\"name\":\"Bottega Giotti\",\"description\":\"Since 1950\",\"publisher\":{\"@id\":\"https:\\\/\\\/www.bottegagiotti.com\\\/it\\\/#organization\"},\"potentialAction\":[{\"@type\":\"SearchAction\",\"target\":{\"@type\":\"EntryPoint\",\"urlTemplate\":\"https:\\\/\\\/www.bottegagiotti.com\\\/it\\\/?s={search_term_string}\"},\"query-input\":{\"@type\":\"PropertyValueSpecification\",\"valueRequired\":true,\"valueName\":\"search_term_string\"}}],\"inLanguage\":\"it-IT\"},{\"@type\":\"Organization\",\"@id\":\"https:\\\/\\\/www.bottegagiotti.com\\\/it\\\/#organization\",\"name\":\"Bottega Giotti\",\"url\":\"https:\\\/\\\/www.bottegagiotti.com\\\/it\\\/\",\"logo\":{\"@type\":\"ImageObject\",\"inLanguage\":\"it-IT\",\"@id\":\"https:\\\/\\\/www.bottegagiotti.com\\\/it\\\/#\\\/schema\\\/logo\\\/image\\\/\",\"url\":\"https:\\\/\\\/www.bottegagiotti.com\\\/wp-content\\\/uploads\\\/2022\\\/04\\\/bottega-giotti-logo.png\",\"contentUrl\":\"https:\\\/\\\/www.bottegagiotti.com\\\/wp-content\\\/uploads\\\/2022\\\/04\\\/bottega-giotti-logo.png\",\"width\":465,\"height\":255,\"caption\":\"Bottega Giotti\"},\"image\":{\"@id\":\"https:\\\/\\\/www.bottegagiotti.com\\\/it\\\/#\\\/schema\\\/logo\\\/image\\\/\"},\"sameAs\":[\"https:\\\/\\\/www.facebook.com\\\/BottegaGiotti\",\"https:\\\/\\\/www.instagram.com\\\/bottegagiotti\\\/\",\"https:\\\/\\\/www.pinterest.it\\\/BottegaGiotti\\\/\"]}]}<\/script>\n<!-- \/ Yoast SEO plugin. -->","yoast_head_json":{"title":"GIADA WAVE LINE - Bottega Giotti","robots":{"index":"index","follow":"follow","max-snippet":"max-snippet:-1","max-image-preview":"max-image-preview:large","max-video-preview":"max-video-preview:-1"},"canonical":"https:\/\/www.bottegagiotti.com\/product\/wave-giada\/","og_locale":"it_IT","og_type":"article","og_title":"GIADA WAVE LINE - Bottega Giotti","og_description":"Costo della spedizione e iva inclusi nel prezzo  Wave Siria \u00e8 un'elegante borsa in nappa Feather Light \u00a9 che presenta sia il nostro motivo carr\u00e8 che l'intrecciato. Ha una chiusura magnetica e l'interno, completamente foderato in pelle, \u00e8 composto da due scomparti principali divisi da una tasca centrale con zip. Versatile e senza tempo, \u00e8 dotata di una tracolla staccabile per indossarla comodamente a tracolla.","og_url":"https:\/\/www.bottegagiotti.com\/product\/wave-giada\/","og_site_name":"Bottega Giotti","article_publisher":"https:\/\/www.facebook.com\/BottegaGiotti","article_modified_time":"2024-03-09T06:59:58+00:00","og_image":[{"width":2400,"height":2400,"url":"https:\/\/www.bottegagiotti.com\/wp-content\/uploads\/2024\/03\/Giada_01_Rosso.jpg","type":"image\/jpeg"}],"twitter_card":"summary_large_image","schema":{"@context":"https:\/\/schema.org","@graph":[{"@type":"WebPage","@id":"https:\/\/www.bottegagiotti.com\/product\/wave-giada\/","url":"https:\/\/www.bottegagiotti.com\/product\/wave-giada\/","name":"GIADA WAVE LINE - Bottega Giotti","isPartOf":{"@id":"https:\/\/www.bottegagiotti.com\/it\/#website"},"primaryImageOfPage":{"@id":"https:\/\/www.bottegagiotti.com\/product\/wave-giada\/#primaryimage"},"image":{"@id":"https:\/\/www.bottegagiotti.com\/product\/wave-giada\/#primaryimage"},"thumbnailUrl":"https:\/\/www.bottegagiotti.com\/wp-content\/uploads\/2022\/08\/Giada_01_Skin-1.jpg","datePublished":"2022-08-17T14:27:58+00:00","dateModified":"2024-03-09T06:59:58+00:00","breadcrumb":{"@id":"https:\/\/www.bottegagiotti.com\/product\/wave-giada\/#breadcrumb"},"inLanguage":"it-IT","potentialAction":[{"@type":"ReadAction","target":["https:\/\/www.bottegagiotti.com\/product\/wave-giada\/"]}]},{"@type":"ImageObject","inLanguage":"it-IT","@id":"https:\/\/www.bottegagiotti.com\/product\/wave-giada\/#primaryimage","url":"https:\/\/www.bottegagiotti.com\/wp-content\/uploads\/2022\/08\/Giada_01_Skin-1.jpg","contentUrl":"https:\/\/www.bottegagiotti.com\/wp-content\/uploads\/2022\/08\/Giada_01_Skin-1.jpg","width":2400,"height":2400},{"@type":"BreadcrumbList","@id":"https:\/\/www.bottegagiotti.com\/product\/wave-giada\/#breadcrumb","itemListElement":[{"@type":"ListItem","position":1,"name":"Home","item":"https:\/\/www.bottegagiotti.com\/"},{"@type":"ListItem","position":2,"name":"Negozio","item":"https:\/\/www.bottegagiotti.com\/shop\/"},{"@type":"ListItem","position":3,"name":"GIADA WAVE LINE"}]},{"@type":"WebSite","@id":"https:\/\/www.bottegagiotti.com\/it\/#website","url":"https:\/\/www.bottegagiotti.com\/it\/","name":"Bottega Giotti","description":"Since 1950","publisher":{"@id":"https:\/\/www.bottegagiotti.com\/it\/#organization"},"potentialAction":[{"@type":"SearchAction","target":{"@type":"EntryPoint","urlTemplate":"https:\/\/www.bottegagiotti.com\/it\/?s={search_term_string}"},"query-input":{"@type":"PropertyValueSpecification","valueRequired":true,"valueName":"search_term_string"}}],"inLanguage":"it-IT"},{"@type":"Organization","@id":"https:\/\/www.bottegagiotti.com\/it\/#organization","name":"Bottega Giotti","url":"https:\/\/www.bottegagiotti.com\/it\/","logo":{"@type":"ImageObject","inLanguage":"it-IT","@id":"https:\/\/www.bottegagiotti.com\/it\/#\/schema\/logo\/image\/","url":"https:\/\/www.bottegagiotti.com\/wp-content\/uploads\/2022\/04\/bottega-giotti-logo.png","contentUrl":"https:\/\/www.bottegagiotti.com\/wp-content\/uploads\/2022\/04\/bottega-giotti-logo.png","width":465,"height":255,"caption":"Bottega Giotti"},"image":{"@id":"https:\/\/www.bottegagiotti.com\/it\/#\/schema\/logo\/image\/"},"sameAs":["https:\/\/www.facebook.com\/BottegaGiotti","https:\/\/www.instagram.com\/bottegagiotti\/","https:\/\/www.pinterest.it\/BottegaGiotti\/"]}]}},"_links":{"self":[{"href":"https:\/\/www.bottegagiotti.com\/it\/wp-json\/wp\/v2\/product\/5303","targetHints":{"allow":["GET"]}}],"collection":[{"href":"https:\/\/www.bottegagiotti.com\/it\/wp-json\/wp\/v2\/product"}],"about":[{"href":"https:\/\/www.bottegagiotti.com\/it\/wp-json\/wp\/v2\/types\/product"}],"wp:featuredmedia":[{"embeddable":true,"href":"https:\/\/www.bottegagiotti.com\/it\/wp-json\/wp\/v2\/media\/7988"}],"wp:attachment":[{"href":"https:\/\/www.bottegagiotti.com\/it\/wp-json\/wp\/v2\/media?parent=5303"}],"wp:term":[{"taxonomy":"product_brand","embeddable":true,"href":"https:\/\/www.bottegagiotti.com\/it\/wp-json\/wp\/v2\/product_brand?post=5303"},{"taxonomy":"product_cat","embeddable":true,"href":"https:\/\/www.bottegagiotti.com\/it\/wp-json\/wp\/v2\/product_cat?post=5303"},{"taxonomy":"product_tag","embeddable":true,"href":"https:\/\/www.bottegagiotti.com\/it\/wp-json\/wp\/v2\/product_tag?post=5303"}],"curies":[{"name":"wp","href":"https:\/\/api.w.org\/{rel}","templated":true}]}}