{"id":14545,"date":"2025-07-07T15:13:59","date_gmt":"2025-07-07T15:13:59","guid":{"rendered":"https:\/\/www.bottegagiotti.com\/product\/tornabuoni-small\/"},"modified":"2026-04-17T16:42:11","modified_gmt":"2026-04-17T16:42:11","slug":"tornabuoni-small","status":"publish","type":"product","link":"https:\/\/www.bottegagiotti.com\/it\/product\/tornabuoni-small\/","title":{"rendered":"TORNABUONI SMALL"},"content":{"rendered":"","protected":false},"excerpt":{"rendered":"<p><em>Costo della spedizione e iva inclusi nel prezzo<\/em><\/p>\n<hr>\n<p>Tornabuoni Small \u00e8 la versione pi\u00f9 piccola di questa borsa unica, perfetta per qualsiasi evento. La borsa Tornabuoni \u00e8 una dei modelli iconici della nostra Maison, intrecciata a mano in nappa Feather Light\u00a9 \u00e8 una classica tote con comoda chiusura superiore a zip. L\u2019interno foderato in pelle \u00e8 organizzato in un comparto unico accessoriato con tasca laterale a zip e una seconda tasca per il telefono.<\/p>\n","protected":false},"featured_media":14419,"template":"","meta":{"_acf_changed":false},"product_brand":[],"product_cat":[428,440,452,434,458,390,447,326,427,381,435,429],"product_tag":[],"class_list":{"0":"post-14545","1":"product","2":"type-product","3":"status-publish","4":"has-post-thumbnail","6":"product_cat-borse-donna","7":"product_cat-borse-a-spalla-business-donna","8":"product_cat-borse-a-spalla-giorno-donna","9":"product_cat-borse-a-spalla-all-donna","10":"product_cat-borse-a-spalla-viaggio-donna","11":"product_cat-borse-a-spalla-woven","12":"product_cat-borse-per-tutti-i-giorni-donna","13":"product_cat-collezioni","14":"product_cat-donna","15":"product_cat-intrecciato","16":"product_cat-lavoro-donna","17":"product_cat-tutte-le-borse-donna","18":"pa_color-bianco","19":"pa_color-biscotto","20":"pa_color-blu","21":"pa_color-bordeaux","22":"pa_color-nero","23":"pa_color-sky-blue-it","24":"pa_color-testa-di-moro","25":"pa_pattern-intrecciato","27":"first","28":"instock","29":"shipping-taxable","30":"purchasable","31":"product-type-variable"},"acf":[],"yoast_head":"<!-- This site is optimized with the Yoast SEO plugin v27.4 - https:\/\/yoast.com\/product\/yoast-seo-wordpress\/ -->\n<title>TORNABUONI SMALL - Bottega Giotti<\/title>\n<meta name=\"robots\" content=\"index, follow, max-snippet:-1, max-image-preview:large, max-video-preview:-1\" \/>\n<link rel=\"canonical\" href=\"https:\/\/www.bottegagiotti.com\/it\/product\/tornabuoni-small\/\" \/>\n<meta property=\"og:locale\" content=\"it_IT\" \/>\n<meta property=\"og:type\" content=\"article\" \/>\n<meta property=\"og:title\" content=\"TORNABUONI SMALL - Bottega Giotti\" \/>\n<meta property=\"og:description\" content=\"Costo della spedizione e iva inclusi nel prezzo  Tornabuoni Small \u00e8 la versione pi\u00f9 piccola di questa borsa unica, perfetta per qualsiasi evento. La borsa Tornabuoni \u00e8 una dei modelli iconici della nostra Maison, intrecciata a mano in nappa Feather Light\u00a9 \u00e8 una classica tote con comoda chiusura superiore a zip. L\u2019interno foderato in pelle \u00e8 organizzato in un comparto unico accessoriato con tasca laterale a zip e una seconda tasca per il telefono.\" \/>\n<meta property=\"og:url\" content=\"https:\/\/www.bottegagiotti.com\/it\/product\/tornabuoni-small\/\" \/>\n<meta property=\"og:site_name\" content=\"Bottega Giotti\" \/>\n<meta property=\"article:publisher\" content=\"https:\/\/www.facebook.com\/BottegaGiotti\" \/>\n<meta property=\"article:modified_time\" content=\"2026-04-17T16:42:11+00:00\" \/>\n<meta property=\"og:image\" content=\"https:\/\/www.bottegagiotti.com\/wp-content\/uploads\/2025\/07\/Tornabuoni_01_Bianco.webp\" \/>\n\t<meta property=\"og:image:width\" content=\"2400\" \/>\n\t<meta property=\"og:image:height\" content=\"2400\" \/>\n\t<meta property=\"og:image:type\" content=\"image\/webp\" \/>\n<meta name=\"twitter:card\" content=\"summary_large_image\" \/>\n<script type=\"application\/ld+json\" class=\"yoast-schema-graph\">{\"@context\":\"https:\\\/\\\/schema.org\",\"@graph\":[{\"@type\":\"WebPage\",\"@id\":\"https:\\\/\\\/www.bottegagiotti.com\\\/it\\\/product\\\/tornabuoni-small\\\/\",\"url\":\"https:\\\/\\\/www.bottegagiotti.com\\\/it\\\/product\\\/tornabuoni-small\\\/\",\"name\":\"TORNABUONI SMALL - Bottega Giotti\",\"isPartOf\":{\"@id\":\"https:\\\/\\\/www.bottegagiotti.com\\\/it\\\/#website\"},\"primaryImageOfPage\":{\"@id\":\"https:\\\/\\\/www.bottegagiotti.com\\\/it\\\/product\\\/tornabuoni-small\\\/#primaryimage\"},\"image\":{\"@id\":\"https:\\\/\\\/www.bottegagiotti.com\\\/it\\\/product\\\/tornabuoni-small\\\/#primaryimage\"},\"thumbnailUrl\":\"https:\\\/\\\/www.bottegagiotti.com\\\/wp-content\\\/uploads\\\/2025\\\/07\\\/Tornabuoni_01_Bianco.webp\",\"datePublished\":\"2025-07-07T15:13:59+00:00\",\"dateModified\":\"2026-04-17T16:42:11+00:00\",\"breadcrumb\":{\"@id\":\"https:\\\/\\\/www.bottegagiotti.com\\\/it\\\/product\\\/tornabuoni-small\\\/#breadcrumb\"},\"inLanguage\":\"it-IT\",\"potentialAction\":[{\"@type\":\"ReadAction\",\"target\":[\"https:\\\/\\\/www.bottegagiotti.com\\\/it\\\/product\\\/tornabuoni-small\\\/\"]}]},{\"@type\":\"ImageObject\",\"inLanguage\":\"it-IT\",\"@id\":\"https:\\\/\\\/www.bottegagiotti.com\\\/it\\\/product\\\/tornabuoni-small\\\/#primaryimage\",\"url\":\"https:\\\/\\\/www.bottegagiotti.com\\\/wp-content\\\/uploads\\\/2025\\\/07\\\/Tornabuoni_01_Bianco.webp\",\"contentUrl\":\"https:\\\/\\\/www.bottegagiotti.com\\\/wp-content\\\/uploads\\\/2025\\\/07\\\/Tornabuoni_01_Bianco.webp\",\"width\":2400,\"height\":2400},{\"@type\":\"BreadcrumbList\",\"@id\":\"https:\\\/\\\/www.bottegagiotti.com\\\/it\\\/product\\\/tornabuoni-small\\\/#breadcrumb\",\"itemListElement\":[{\"@type\":\"ListItem\",\"position\":1,\"name\":\"Home\",\"item\":\"https:\\\/\\\/www.bottegagiotti.com\\\/\"},{\"@type\":\"ListItem\",\"position\":2,\"name\":\"Negozio\",\"item\":\"https:\\\/\\\/www.bottegagiotti.com\\\/shop\\\/\"},{\"@type\":\"ListItem\",\"position\":3,\"name\":\"TORNABUONI SMALL\"}]},{\"@type\":\"WebSite\",\"@id\":\"https:\\\/\\\/www.bottegagiotti.com\\\/it\\\/#website\",\"url\":\"https:\\\/\\\/www.bottegagiotti.com\\\/it\\\/\",\"name\":\"Bottega Giotti\",\"description\":\"Since 1950\",\"publisher\":{\"@id\":\"https:\\\/\\\/www.bottegagiotti.com\\\/it\\\/#organization\"},\"potentialAction\":[{\"@type\":\"SearchAction\",\"target\":{\"@type\":\"EntryPoint\",\"urlTemplate\":\"https:\\\/\\\/www.bottegagiotti.com\\\/it\\\/?s={search_term_string}\"},\"query-input\":{\"@type\":\"PropertyValueSpecification\",\"valueRequired\":true,\"valueName\":\"search_term_string\"}}],\"inLanguage\":\"it-IT\"},{\"@type\":\"Organization\",\"@id\":\"https:\\\/\\\/www.bottegagiotti.com\\\/it\\\/#organization\",\"name\":\"Bottega Giotti\",\"url\":\"https:\\\/\\\/www.bottegagiotti.com\\\/it\\\/\",\"logo\":{\"@type\":\"ImageObject\",\"inLanguage\":\"it-IT\",\"@id\":\"https:\\\/\\\/www.bottegagiotti.com\\\/it\\\/#\\\/schema\\\/logo\\\/image\\\/\",\"url\":\"https:\\\/\\\/www.bottegagiotti.com\\\/wp-content\\\/uploads\\\/2022\\\/04\\\/bottega-giotti-logo.png\",\"contentUrl\":\"https:\\\/\\\/www.bottegagiotti.com\\\/wp-content\\\/uploads\\\/2022\\\/04\\\/bottega-giotti-logo.png\",\"width\":465,\"height\":255,\"caption\":\"Bottega Giotti\"},\"image\":{\"@id\":\"https:\\\/\\\/www.bottegagiotti.com\\\/it\\\/#\\\/schema\\\/logo\\\/image\\\/\"},\"sameAs\":[\"https:\\\/\\\/www.facebook.com\\\/BottegaGiotti\",\"https:\\\/\\\/www.instagram.com\\\/bottegagiotti\\\/\",\"https:\\\/\\\/www.pinterest.it\\\/BottegaGiotti\\\/\"]}]}<\/script>\n<!-- \/ Yoast SEO plugin. -->","yoast_head_json":{"title":"TORNABUONI SMALL - Bottega Giotti","robots":{"index":"index","follow":"follow","max-snippet":"max-snippet:-1","max-image-preview":"max-image-preview:large","max-video-preview":"max-video-preview:-1"},"canonical":"https:\/\/www.bottegagiotti.com\/it\/product\/tornabuoni-small\/","og_locale":"it_IT","og_type":"article","og_title":"TORNABUONI SMALL - Bottega Giotti","og_description":"Costo della spedizione e iva inclusi nel prezzo  Tornabuoni Small \u00e8 la versione pi\u00f9 piccola di questa borsa unica, perfetta per qualsiasi evento. La borsa Tornabuoni \u00e8 una dei modelli iconici della nostra Maison, intrecciata a mano in nappa Feather Light\u00a9 \u00e8 una classica tote con comoda chiusura superiore a zip. L\u2019interno foderato in pelle \u00e8 organizzato in un comparto unico accessoriato con tasca laterale a zip e una seconda tasca per il telefono.","og_url":"https:\/\/www.bottegagiotti.com\/it\/product\/tornabuoni-small\/","og_site_name":"Bottega Giotti","article_publisher":"https:\/\/www.facebook.com\/BottegaGiotti","article_modified_time":"2026-04-17T16:42:11+00:00","og_image":[{"width":2400,"height":2400,"url":"https:\/\/www.bottegagiotti.com\/wp-content\/uploads\/2025\/07\/Tornabuoni_01_Bianco.webp","type":"image\/webp"}],"twitter_card":"summary_large_image","schema":{"@context":"https:\/\/schema.org","@graph":[{"@type":"WebPage","@id":"https:\/\/www.bottegagiotti.com\/it\/product\/tornabuoni-small\/","url":"https:\/\/www.bottegagiotti.com\/it\/product\/tornabuoni-small\/","name":"TORNABUONI SMALL - Bottega Giotti","isPartOf":{"@id":"https:\/\/www.bottegagiotti.com\/it\/#website"},"primaryImageOfPage":{"@id":"https:\/\/www.bottegagiotti.com\/it\/product\/tornabuoni-small\/#primaryimage"},"image":{"@id":"https:\/\/www.bottegagiotti.com\/it\/product\/tornabuoni-small\/#primaryimage"},"thumbnailUrl":"https:\/\/www.bottegagiotti.com\/wp-content\/uploads\/2025\/07\/Tornabuoni_01_Bianco.webp","datePublished":"2025-07-07T15:13:59+00:00","dateModified":"2026-04-17T16:42:11+00:00","breadcrumb":{"@id":"https:\/\/www.bottegagiotti.com\/it\/product\/tornabuoni-small\/#breadcrumb"},"inLanguage":"it-IT","potentialAction":[{"@type":"ReadAction","target":["https:\/\/www.bottegagiotti.com\/it\/product\/tornabuoni-small\/"]}]},{"@type":"ImageObject","inLanguage":"it-IT","@id":"https:\/\/www.bottegagiotti.com\/it\/product\/tornabuoni-small\/#primaryimage","url":"https:\/\/www.bottegagiotti.com\/wp-content\/uploads\/2025\/07\/Tornabuoni_01_Bianco.webp","contentUrl":"https:\/\/www.bottegagiotti.com\/wp-content\/uploads\/2025\/07\/Tornabuoni_01_Bianco.webp","width":2400,"height":2400},{"@type":"BreadcrumbList","@id":"https:\/\/www.bottegagiotti.com\/it\/product\/tornabuoni-small\/#breadcrumb","itemListElement":[{"@type":"ListItem","position":1,"name":"Home","item":"https:\/\/www.bottegagiotti.com\/"},{"@type":"ListItem","position":2,"name":"Negozio","item":"https:\/\/www.bottegagiotti.com\/shop\/"},{"@type":"ListItem","position":3,"name":"TORNABUONI SMALL"}]},{"@type":"WebSite","@id":"https:\/\/www.bottegagiotti.com\/it\/#website","url":"https:\/\/www.bottegagiotti.com\/it\/","name":"Bottega Giotti","description":"Since 1950","publisher":{"@id":"https:\/\/www.bottegagiotti.com\/it\/#organization"},"potentialAction":[{"@type":"SearchAction","target":{"@type":"EntryPoint","urlTemplate":"https:\/\/www.bottegagiotti.com\/it\/?s={search_term_string}"},"query-input":{"@type":"PropertyValueSpecification","valueRequired":true,"valueName":"search_term_string"}}],"inLanguage":"it-IT"},{"@type":"Organization","@id":"https:\/\/www.bottegagiotti.com\/it\/#organization","name":"Bottega Giotti","url":"https:\/\/www.bottegagiotti.com\/it\/","logo":{"@type":"ImageObject","inLanguage":"it-IT","@id":"https:\/\/www.bottegagiotti.com\/it\/#\/schema\/logo\/image\/","url":"https:\/\/www.bottegagiotti.com\/wp-content\/uploads\/2022\/04\/bottega-giotti-logo.png","contentUrl":"https:\/\/www.bottegagiotti.com\/wp-content\/uploads\/2022\/04\/bottega-giotti-logo.png","width":465,"height":255,"caption":"Bottega Giotti"},"image":{"@id":"https:\/\/www.bottegagiotti.com\/it\/#\/schema\/logo\/image\/"},"sameAs":["https:\/\/www.facebook.com\/BottegaGiotti","https:\/\/www.instagram.com\/bottegagiotti\/","https:\/\/www.pinterest.it\/BottegaGiotti\/"]}]}},"_links":{"self":[{"href":"https:\/\/www.bottegagiotti.com\/it\/wp-json\/wp\/v2\/product\/14545","targetHints":{"allow":["GET"]}}],"collection":[{"href":"https:\/\/www.bottegagiotti.com\/it\/wp-json\/wp\/v2\/product"}],"about":[{"href":"https:\/\/www.bottegagiotti.com\/it\/wp-json\/wp\/v2\/types\/product"}],"wp:featuredmedia":[{"embeddable":true,"href":"https:\/\/www.bottegagiotti.com\/it\/wp-json\/wp\/v2\/media\/14419"}],"wp:attachment":[{"href":"https:\/\/www.bottegagiotti.com\/it\/wp-json\/wp\/v2\/media?parent=14545"}],"wp:term":[{"taxonomy":"product_brand","embeddable":true,"href":"https:\/\/www.bottegagiotti.com\/it\/wp-json\/wp\/v2\/product_brand?post=14545"},{"taxonomy":"product_cat","embeddable":true,"href":"https:\/\/www.bottegagiotti.com\/it\/wp-json\/wp\/v2\/product_cat?post=14545"},{"taxonomy":"product_tag","embeddable":true,"href":"https:\/\/www.bottegagiotti.com\/it\/wp-json\/wp\/v2\/product_tag?post=14545"}],"curies":[{"name":"wp","href":"https:\/\/api.w.org\/{rel}","templated":true}]}}