{"id":14309,"date":"2025-07-07T14:45:47","date_gmt":"2025-07-07T14:45:47","guid":{"rendered":"https:\/\/www.bottegagiotti.com\/?post_type=product&#038;p=14309"},"modified":"2026-02-18T09:04:11","modified_gmt":"2026-02-18T09:04:11","slug":"giuditta","status":"publish","type":"product","link":"https:\/\/www.bottegagiotti.com\/it\/product\/giuditta\/","title":{"rendered":"GIUDITTA"},"content":{"rendered":"","protected":false},"excerpt":{"rendered":"<p><em>Costo della spedizione e iva inclusi nel prezzo<\/em><\/p>\n<hr \/>\n<p>La borsa Giuditta intrecciata a mano nella nostra morbida Feather Light \u00a9 nappa \u00e8 uno dei nuovi modelli della maison. Dotata di una chiusura con zip e una comoda tracolla, \u00e8 perfetta per un uso quotidiano. L&#8217;interno \u00e8 foderato in pelle e dotato di una tasca.<\/p>\n","protected":false},"featured_media":14261,"template":"","meta":{"_acf_changed":false},"product_brand":[],"product_cat":[428,384,431,449,386,447,326,427,381,429],"product_tag":[],"class_list":{"0":"post-14309","1":"product","2":"type-product","3":"status-publish","4":"has-post-thumbnail","6":"product_cat-borse-donna","7":"product_cat-borse-a-tracolla-woven","8":"product_cat-borse-a-tracolla-all-donna","9":"product_cat-borse-a-tracolla-giorno-donna","10":"product_cat-borse-per-tutti-i-giorni-woven","11":"product_cat-borse-per-tutti-i-giorni-donna","12":"product_cat-collezioni","13":"product_cat-donna","14":"product_cat-intrecciato","15":"product_cat-tutte-le-borse-donna","16":"pa_color-bianco","17":"pa_color-biscotto","18":"pa_color-bordeaux","19":"pa_color-bronzo","20":"pa_color-nero","21":"pa_color-platinum-crackle-it","22":"pa_color-silver-crackle-it","23":"pa_color-sky-blue-it","24":"pa_color-testa-di-moro","25":"pa_color-verde-foresta","26":"pa_pattern-intrecciato","28":"first","29":"instock","30":"shipping-taxable","31":"purchasable","32":"product-type-variable"},"acf":[],"yoast_head":"<!-- This site is optimized with the Yoast SEO plugin v27.4 - https:\/\/yoast.com\/product\/yoast-seo-wordpress\/ -->\n<title>GIUDITTA - Bottega Giotti<\/title>\n<meta name=\"robots\" content=\"index, follow, max-snippet:-1, max-image-preview:large, max-video-preview:-1\" \/>\n<link rel=\"canonical\" href=\"https:\/\/www.bottegagiotti.com\/it\/product\/giuditta\/\" \/>\n<meta property=\"og:locale\" content=\"it_IT\" \/>\n<meta property=\"og:type\" content=\"article\" \/>\n<meta property=\"og:title\" content=\"GIUDITTA - Bottega Giotti\" \/>\n<meta property=\"og:description\" content=\"Costo della spedizione e iva inclusi nel prezzo    La borsa Giuditta intrecciata a mano nella nostra morbida Feather Light \u00a9 nappa \u00e8 uno dei nuovi modelli della maison. Dotata di una chiusura con zip e una comoda tracolla, \u00e8 perfetta per un uso quotidiano. L&#039;interno \u00e8 foderato in pelle e dotato di una tasca.\" \/>\n<meta property=\"og:url\" content=\"https:\/\/www.bottegagiotti.com\/it\/product\/giuditta\/\" \/>\n<meta property=\"og:site_name\" content=\"Bottega Giotti\" \/>\n<meta property=\"article:publisher\" content=\"https:\/\/www.facebook.com\/BottegaGiotti\" \/>\n<meta property=\"article:modified_time\" content=\"2026-02-18T09:04:11+00:00\" \/>\n<meta property=\"og:image\" content=\"https:\/\/www.bottegagiotti.com\/wp-content\/uploads\/2025\/07\/Giuditta_01_Cielo.webp\" \/>\n\t<meta property=\"og:image:width\" content=\"2400\" \/>\n\t<meta property=\"og:image:height\" content=\"2400\" \/>\n\t<meta property=\"og:image:type\" content=\"image\/webp\" \/>\n<meta name=\"twitter:card\" content=\"summary_large_image\" \/>\n<meta name=\"twitter:label1\" content=\"Tempo di lettura stimato\" \/>\n\t<meta name=\"twitter:data1\" content=\"1 minuto\" \/>\n<script type=\"application\/ld+json\" class=\"yoast-schema-graph\">{\"@context\":\"https:\\\/\\\/schema.org\",\"@graph\":[{\"@type\":\"WebPage\",\"@id\":\"https:\\\/\\\/www.bottegagiotti.com\\\/it\\\/product\\\/giuditta\\\/\",\"url\":\"https:\\\/\\\/www.bottegagiotti.com\\\/it\\\/product\\\/giuditta\\\/\",\"name\":\"GIUDITTA - Bottega Giotti\",\"isPartOf\":{\"@id\":\"https:\\\/\\\/www.bottegagiotti.com\\\/it\\\/#website\"},\"primaryImageOfPage\":{\"@id\":\"https:\\\/\\\/www.bottegagiotti.com\\\/it\\\/product\\\/giuditta\\\/#primaryimage\"},\"image\":{\"@id\":\"https:\\\/\\\/www.bottegagiotti.com\\\/it\\\/product\\\/giuditta\\\/#primaryimage\"},\"thumbnailUrl\":\"https:\\\/\\\/www.bottegagiotti.com\\\/wp-content\\\/uploads\\\/2025\\\/07\\\/Giuditta_01_Bianco.webp\",\"datePublished\":\"2025-07-07T14:45:47+00:00\",\"dateModified\":\"2026-02-18T09:04:11+00:00\",\"breadcrumb\":{\"@id\":\"https:\\\/\\\/www.bottegagiotti.com\\\/it\\\/product\\\/giuditta\\\/#breadcrumb\"},\"inLanguage\":\"it-IT\",\"potentialAction\":[{\"@type\":\"ReadAction\",\"target\":[\"https:\\\/\\\/www.bottegagiotti.com\\\/it\\\/product\\\/giuditta\\\/\"]}]},{\"@type\":\"ImageObject\",\"inLanguage\":\"it-IT\",\"@id\":\"https:\\\/\\\/www.bottegagiotti.com\\\/it\\\/product\\\/giuditta\\\/#primaryimage\",\"url\":\"https:\\\/\\\/www.bottegagiotti.com\\\/wp-content\\\/uploads\\\/2025\\\/07\\\/Giuditta_01_Bianco.webp\",\"contentUrl\":\"https:\\\/\\\/www.bottegagiotti.com\\\/wp-content\\\/uploads\\\/2025\\\/07\\\/Giuditta_01_Bianco.webp\",\"width\":2400,\"height\":2400},{\"@type\":\"BreadcrumbList\",\"@id\":\"https:\\\/\\\/www.bottegagiotti.com\\\/it\\\/product\\\/giuditta\\\/#breadcrumb\",\"itemListElement\":[{\"@type\":\"ListItem\",\"position\":1,\"name\":\"Home\",\"item\":\"https:\\\/\\\/www.bottegagiotti.com\\\/\"},{\"@type\":\"ListItem\",\"position\":2,\"name\":\"Negozio\",\"item\":\"https:\\\/\\\/www.bottegagiotti.com\\\/shop\\\/\"},{\"@type\":\"ListItem\",\"position\":3,\"name\":\"GIUDITTA\"}]},{\"@type\":\"WebSite\",\"@id\":\"https:\\\/\\\/www.bottegagiotti.com\\\/it\\\/#website\",\"url\":\"https:\\\/\\\/www.bottegagiotti.com\\\/it\\\/\",\"name\":\"Bottega Giotti\",\"description\":\"Since 1950\",\"publisher\":{\"@id\":\"https:\\\/\\\/www.bottegagiotti.com\\\/it\\\/#organization\"},\"potentialAction\":[{\"@type\":\"SearchAction\",\"target\":{\"@type\":\"EntryPoint\",\"urlTemplate\":\"https:\\\/\\\/www.bottegagiotti.com\\\/it\\\/?s={search_term_string}\"},\"query-input\":{\"@type\":\"PropertyValueSpecification\",\"valueRequired\":true,\"valueName\":\"search_term_string\"}}],\"inLanguage\":\"it-IT\"},{\"@type\":\"Organization\",\"@id\":\"https:\\\/\\\/www.bottegagiotti.com\\\/it\\\/#organization\",\"name\":\"Bottega Giotti\",\"url\":\"https:\\\/\\\/www.bottegagiotti.com\\\/it\\\/\",\"logo\":{\"@type\":\"ImageObject\",\"inLanguage\":\"it-IT\",\"@id\":\"https:\\\/\\\/www.bottegagiotti.com\\\/it\\\/#\\\/schema\\\/logo\\\/image\\\/\",\"url\":\"https:\\\/\\\/www.bottegagiotti.com\\\/wp-content\\\/uploads\\\/2022\\\/04\\\/bottega-giotti-logo.png\",\"contentUrl\":\"https:\\\/\\\/www.bottegagiotti.com\\\/wp-content\\\/uploads\\\/2022\\\/04\\\/bottega-giotti-logo.png\",\"width\":465,\"height\":255,\"caption\":\"Bottega Giotti\"},\"image\":{\"@id\":\"https:\\\/\\\/www.bottegagiotti.com\\\/it\\\/#\\\/schema\\\/logo\\\/image\\\/\"},\"sameAs\":[\"https:\\\/\\\/www.facebook.com\\\/BottegaGiotti\",\"https:\\\/\\\/www.instagram.com\\\/bottegagiotti\\\/\",\"https:\\\/\\\/www.pinterest.it\\\/BottegaGiotti\\\/\"]}]}<\/script>\n<!-- \/ Yoast SEO plugin. -->","yoast_head_json":{"title":"GIUDITTA - Bottega Giotti","robots":{"index":"index","follow":"follow","max-snippet":"max-snippet:-1","max-image-preview":"max-image-preview:large","max-video-preview":"max-video-preview:-1"},"canonical":"https:\/\/www.bottegagiotti.com\/it\/product\/giuditta\/","og_locale":"it_IT","og_type":"article","og_title":"GIUDITTA - Bottega Giotti","og_description":"Costo della spedizione e iva inclusi nel prezzo    La borsa Giuditta intrecciata a mano nella nostra morbida Feather Light \u00a9 nappa \u00e8 uno dei nuovi modelli della maison. Dotata di una chiusura con zip e una comoda tracolla, \u00e8 perfetta per un uso quotidiano. L'interno \u00e8 foderato in pelle e dotato di una tasca.","og_url":"https:\/\/www.bottegagiotti.com\/it\/product\/giuditta\/","og_site_name":"Bottega Giotti","article_publisher":"https:\/\/www.facebook.com\/BottegaGiotti","article_modified_time":"2026-02-18T09:04:11+00:00","og_image":[{"width":2400,"height":2400,"url":"https:\/\/www.bottegagiotti.com\/wp-content\/uploads\/2025\/07\/Giuditta_01_Cielo.webp","type":"image\/webp"}],"twitter_card":"summary_large_image","twitter_misc":{"Tempo di lettura stimato":"1 minuto"},"schema":{"@context":"https:\/\/schema.org","@graph":[{"@type":"WebPage","@id":"https:\/\/www.bottegagiotti.com\/it\/product\/giuditta\/","url":"https:\/\/www.bottegagiotti.com\/it\/product\/giuditta\/","name":"GIUDITTA - Bottega Giotti","isPartOf":{"@id":"https:\/\/www.bottegagiotti.com\/it\/#website"},"primaryImageOfPage":{"@id":"https:\/\/www.bottegagiotti.com\/it\/product\/giuditta\/#primaryimage"},"image":{"@id":"https:\/\/www.bottegagiotti.com\/it\/product\/giuditta\/#primaryimage"},"thumbnailUrl":"https:\/\/www.bottegagiotti.com\/wp-content\/uploads\/2025\/07\/Giuditta_01_Bianco.webp","datePublished":"2025-07-07T14:45:47+00:00","dateModified":"2026-02-18T09:04:11+00:00","breadcrumb":{"@id":"https:\/\/www.bottegagiotti.com\/it\/product\/giuditta\/#breadcrumb"},"inLanguage":"it-IT","potentialAction":[{"@type":"ReadAction","target":["https:\/\/www.bottegagiotti.com\/it\/product\/giuditta\/"]}]},{"@type":"ImageObject","inLanguage":"it-IT","@id":"https:\/\/www.bottegagiotti.com\/it\/product\/giuditta\/#primaryimage","url":"https:\/\/www.bottegagiotti.com\/wp-content\/uploads\/2025\/07\/Giuditta_01_Bianco.webp","contentUrl":"https:\/\/www.bottegagiotti.com\/wp-content\/uploads\/2025\/07\/Giuditta_01_Bianco.webp","width":2400,"height":2400},{"@type":"BreadcrumbList","@id":"https:\/\/www.bottegagiotti.com\/it\/product\/giuditta\/#breadcrumb","itemListElement":[{"@type":"ListItem","position":1,"name":"Home","item":"https:\/\/www.bottegagiotti.com\/"},{"@type":"ListItem","position":2,"name":"Negozio","item":"https:\/\/www.bottegagiotti.com\/shop\/"},{"@type":"ListItem","position":3,"name":"GIUDITTA"}]},{"@type":"WebSite","@id":"https:\/\/www.bottegagiotti.com\/it\/#website","url":"https:\/\/www.bottegagiotti.com\/it\/","name":"Bottega Giotti","description":"Since 1950","publisher":{"@id":"https:\/\/www.bottegagiotti.com\/it\/#organization"},"potentialAction":[{"@type":"SearchAction","target":{"@type":"EntryPoint","urlTemplate":"https:\/\/www.bottegagiotti.com\/it\/?s={search_term_string}"},"query-input":{"@type":"PropertyValueSpecification","valueRequired":true,"valueName":"search_term_string"}}],"inLanguage":"it-IT"},{"@type":"Organization","@id":"https:\/\/www.bottegagiotti.com\/it\/#organization","name":"Bottega Giotti","url":"https:\/\/www.bottegagiotti.com\/it\/","logo":{"@type":"ImageObject","inLanguage":"it-IT","@id":"https:\/\/www.bottegagiotti.com\/it\/#\/schema\/logo\/image\/","url":"https:\/\/www.bottegagiotti.com\/wp-content\/uploads\/2022\/04\/bottega-giotti-logo.png","contentUrl":"https:\/\/www.bottegagiotti.com\/wp-content\/uploads\/2022\/04\/bottega-giotti-logo.png","width":465,"height":255,"caption":"Bottega Giotti"},"image":{"@id":"https:\/\/www.bottegagiotti.com\/it\/#\/schema\/logo\/image\/"},"sameAs":["https:\/\/www.facebook.com\/BottegaGiotti","https:\/\/www.instagram.com\/bottegagiotti\/","https:\/\/www.pinterest.it\/BottegaGiotti\/"]}]}},"_links":{"self":[{"href":"https:\/\/www.bottegagiotti.com\/it\/wp-json\/wp\/v2\/product\/14309","targetHints":{"allow":["GET"]}}],"collection":[{"href":"https:\/\/www.bottegagiotti.com\/it\/wp-json\/wp\/v2\/product"}],"about":[{"href":"https:\/\/www.bottegagiotti.com\/it\/wp-json\/wp\/v2\/types\/product"}],"wp:featuredmedia":[{"embeddable":true,"href":"https:\/\/www.bottegagiotti.com\/it\/wp-json\/wp\/v2\/media\/14261"}],"wp:attachment":[{"href":"https:\/\/www.bottegagiotti.com\/it\/wp-json\/wp\/v2\/media?parent=14309"}],"wp:term":[{"taxonomy":"product_brand","embeddable":true,"href":"https:\/\/www.bottegagiotti.com\/it\/wp-json\/wp\/v2\/product_brand?post=14309"},{"taxonomy":"product_cat","embeddable":true,"href":"https:\/\/www.bottegagiotti.com\/it\/wp-json\/wp\/v2\/product_cat?post=14309"},{"taxonomy":"product_tag","embeddable":true,"href":"https:\/\/www.bottegagiotti.com\/it\/wp-json\/wp\/v2\/product_tag?post=14309"}],"curies":[{"name":"wp","href":"https:\/\/api.w.org\/{rel}","templated":true}]}}